{"id":2095,"date":"2024-01-03T15:46:58","date_gmt":"2024-01-03T15:46:58","guid":{"rendered":"https:\/\/rastreair.com.br\/site\/my-account\/"},"modified":"2024-09-01T22:13:41","modified_gmt":"2024-09-02T01:13:41","slug":"my-account","status":"publish","type":"page","link":"https:\/\/rastreair.com.br\/site\/my-account\/","title":{"rendered":"Minha conta"},"content":{"rendered":"<div class=\"woocommerce\"><div class=\"woocommerce-notices-wrapper\"><\/div>\n\n\t\t<h2>Entrar<\/h2>\n\n\t\t<form class=\"woocommerce-form woocommerce-form-login login\" method=\"post\">\n\n\t\t\t\n\t\t\t<p class=\"woocommerce-form-row woocommerce-form-row--wide form-row form-row-wide\">\n\t\t\t\t<label for=\"username\">Nome de usu\u00e1rio ou e-mail&nbsp;<span class=\"required\" aria-hidden=\"true\">*<\/span><span class=\"screen-reader-text\">Obrigat\u00f3rio<\/span><\/label>\n\t\t\t\t<input type=\"text\" class=\"woocommerce-Input woocommerce-Input--text input-text\" name=\"username\" id=\"username\" autocomplete=\"username\" value=\"\" required aria-required=\"true\" \/>\t\t\t<\/p>\n\t\t\t<p class=\"woocommerce-form-row woocommerce-form-row--wide form-row form-row-wide\">\n\t\t\t\t<label for=\"password\">Senha&nbsp;<span class=\"required\" aria-hidden=\"true\">*<\/span><span class=\"screen-reader-text\">Obrigat\u00f3rio<\/span><\/label>\n\t\t\t\t<input class=\"woocommerce-Input woocommerce-Input--text input-text\" type=\"password\" name=\"password\" id=\"password\" autocomplete=\"current-password\" required aria-required=\"true\" \/>\n\t\t\t<\/p>\n\n\t\t\t\n\t\t\t<p class=\"form-row\">\n\t\t\t\t<label class=\"woocommerce-form__label woocommerce-form__label-for-checkbox woocommerce-form-login__rememberme\">\n\t\t\t\t\t<input class=\"woocommerce-form__input woocommerce-form__input-checkbox\" name=\"rememberme\" type=\"checkbox\" id=\"rememberme\" value=\"forever\" \/> <span>Lembre-me<\/span>\n\t\t\t\t<\/label>\n\t\t\t\t<input type=\"hidden\" id=\"woocommerce-login-nonce\" name=\"woocommerce-login-nonce\" value=\"7d2cb77bad\" \/><input type=\"hidden\" name=\"_wp_http_referer\" value=\"\/site\/wp-json\/wp\/v2\/pages\/2095\" \/>\t\t\t\t<button type=\"submit\" class=\"woocommerce-button button woocommerce-form-login__submit\" name=\"login\" value=\"Acessar\">Acessar<\/button>\n\t\t\t<\/p>\n\t\t\t<p class=\"woocommerce-LostPassword lost_password\">\n\t\t\t\t<a href=\"https:\/\/rastreair.com.br\/site\/my-account\/lost-password\/\">Perdeu sua senha?<\/a>\n\t\t\t<\/p>\n\n\t\t\t\n\t\t<\/form>\n\n\n<\/div>","protected":false},"excerpt":{"rendered":"Entrar Nome de usu\u00e1rio ou e-mail&nbsp;*Obrigat\u00f3rio Senha&nbsp;*Obrigat\u00f3rio Lembre-me Acessar Perdeu sua senha?","protected":false},"author":1,"featured_media":0,"parent":0,"menu_order":0,"comment_status":"open","ping_status":"closed","template":"","meta":{"_uag_custom_page_level_css":"","footnotes":""},"class_list":["post-2095","page","type-page","status-publish","hentry"],"yoast_head":"<!-- This site is optimized with the Yoast SEO Premium plugin v23.1 (Yoast SEO v23.8) - https:\/\/yoast.com\/wordpress\/plugins\/seo\/ -->\n<title>Minha conta | RastreAIR\u00ae Rastreamento Automotivo<\/title>\n<meta name=\"robots\" content=\"index, follow, max-snippet:-1, max-image-preview:large, max-video-preview:-1\" \/>\n<link rel=\"canonical\" href=\"https:\/\/rastreair.com.br\/site\/my-account\/\" \/>\n<meta property=\"og:locale\" content=\"pt_BR\" \/>\n<meta property=\"og:type\" content=\"article\" \/>\n<meta property=\"og:title\" content=\"Minha conta\" \/>\n<meta property=\"og:url\" content=\"https:\/\/rastreair.com.br\/site\/my-account\/\" \/>\n<meta property=\"og:site_name\" content=\"RastreAIR\u00ae Rastreamento Automotivo\" \/>\n<meta property=\"article:publisher\" content=\"https:\/\/www.instagram.com\/rastreair\/\" \/>\n<meta property=\"article:modified_time\" content=\"2024-09-02T01:13:41+00:00\" \/>\n<meta name=\"twitter:card\" content=\"summary_large_image\" \/>\n<script type=\"application\/ld+json\" class=\"yoast-schema-graph\">{\"@context\":\"https:\/\/schema.org\",\"@graph\":[{\"@type\":\"WebPage\",\"@id\":\"https:\/\/rastreair.com.br\/site\/my-account\/\",\"url\":\"https:\/\/rastreair.com.br\/site\/my-account\/\",\"name\":\"Minha conta | RastreAIR\u00ae Rastreamento Automotivo\",\"isPartOf\":{\"@id\":\"https:\/\/rastreair.com.br\/site\/#website\"},\"datePublished\":\"2024-01-03T15:46:58+00:00\",\"dateModified\":\"2024-09-02T01:13:41+00:00\",\"breadcrumb\":{\"@id\":\"https:\/\/rastreair.com.br\/site\/my-account\/#breadcrumb\"},\"inLanguage\":\"pt-BR\",\"potentialAction\":[{\"@type\":\"ReadAction\",\"target\":[\"https:\/\/rastreair.com.br\/site\/my-account\/\"]}]},{\"@type\":\"BreadcrumbList\",\"@id\":\"https:\/\/rastreair.com.br\/site\/my-account\/#breadcrumb\",\"itemListElement\":[{\"@type\":\"ListItem\",\"position\":1,\"name\":\"In\u00edcio\",\"item\":\"https:\/\/rastreair.com.br\/site\/\"},{\"@type\":\"ListItem\",\"position\":2,\"name\":\"Minha conta\"}]},{\"@type\":\"WebSite\",\"@id\":\"https:\/\/rastreair.com.br\/site\/#website\",\"url\":\"https:\/\/rastreair.com.br\/site\/\",\"name\":\"RastreAIR\u00ae Rastreamento Automotivo\",\"description\":\"Seguran\u00e7a em tempo real para ve\u00edculos e frotas\",\"publisher\":{\"@id\":\"https:\/\/rastreair.com.br\/site\/#organization\"},\"potentialAction\":[{\"@type\":\"SearchAction\",\"target\":{\"@type\":\"EntryPoint\",\"urlTemplate\":\"https:\/\/rastreair.com.br\/site\/?s={search_term_string}\"},\"query-input\":{\"@type\":\"PropertyValueSpecification\",\"valueRequired\":true,\"valueName\":\"search_term_string\"}}],\"inLanguage\":\"pt-BR\"},{\"@type\":[\"Organization\",\"Place\"],\"@id\":\"https:\/\/rastreair.com.br\/site\/#organization\",\"name\":\"RastreAIR\u00ae Rastreamento Automotivo\",\"url\":\"https:\/\/rastreair.com.br\/site\/\",\"logo\":{\"@id\":\"https:\/\/rastreair.com.br\/site\/my-account\/#local-main-organization-logo\"},\"image\":{\"@id\":\"https:\/\/rastreair.com.br\/site\/my-account\/#local-main-organization-logo\"},\"sameAs\":[\"https:\/\/www.instagram.com\/rastreair\/\"],\"telephone\":[],\"openingHoursSpecification\":[{\"@type\":\"OpeningHoursSpecification\",\"dayOfWeek\":[\"Monday\",\"Tuesday\",\"Wednesday\",\"Thursday\",\"Friday\",\"Saturday\",\"Sunday\"],\"opens\":\"09:00\",\"closes\":\"17:00\"}]},{\"@type\":\"ImageObject\",\"inLanguage\":\"pt-BR\",\"@id\":\"https:\/\/rastreair.com.br\/site\/my-account\/#local-main-organization-logo\",\"url\":\"https:\/\/rastreair.com.br\/site\/wp-content\/uploads\/2024\/07\/cropped-Icon-app.webp\",\"contentUrl\":\"https:\/\/rastreair.com.br\/site\/wp-content\/uploads\/2024\/07\/cropped-Icon-app.webp\",\"width\":512,\"height\":512,\"caption\":\"RastreAIR\u00ae Rastreamento Automotivo\"}]}<\/script>\n<!-- \/ Yoast SEO Premium plugin. -->","yoast_head_json":{"title":"Minha conta | RastreAIR\u00ae Rastreamento Automotivo","robots":{"index":"index","follow":"follow","max-snippet":"max-snippet:-1","max-image-preview":"max-image-preview:large","max-video-preview":"max-video-preview:-1"},"canonical":"https:\/\/rastreair.com.br\/site\/my-account\/","og_locale":"pt_BR","og_type":"article","og_title":"Minha conta","og_url":"https:\/\/rastreair.com.br\/site\/my-account\/","og_site_name":"RastreAIR\u00ae Rastreamento Automotivo","article_publisher":"https:\/\/www.instagram.com\/rastreair\/","article_modified_time":"2024-09-02T01:13:41+00:00","twitter_card":"summary_large_image","schema":{"@context":"https:\/\/schema.org","@graph":[{"@type":"WebPage","@id":"https:\/\/rastreair.com.br\/site\/my-account\/","url":"https:\/\/rastreair.com.br\/site\/my-account\/","name":"Minha conta | RastreAIR\u00ae Rastreamento Automotivo","isPartOf":{"@id":"https:\/\/rastreair.com.br\/site\/#website"},"datePublished":"2024-01-03T15:46:58+00:00","dateModified":"2024-09-02T01:13:41+00:00","breadcrumb":{"@id":"https:\/\/rastreair.com.br\/site\/my-account\/#breadcrumb"},"inLanguage":"pt-BR","potentialAction":[{"@type":"ReadAction","target":["https:\/\/rastreair.com.br\/site\/my-account\/"]}]},{"@type":"BreadcrumbList","@id":"https:\/\/rastreair.com.br\/site\/my-account\/#breadcrumb","itemListElement":[{"@type":"ListItem","position":1,"name":"In\u00edcio","item":"https:\/\/rastreair.com.br\/site\/"},{"@type":"ListItem","position":2,"name":"Minha conta"}]},{"@type":"WebSite","@id":"https:\/\/rastreair.com.br\/site\/#website","url":"https:\/\/rastreair.com.br\/site\/","name":"RastreAIR\u00ae Rastreamento Automotivo","description":"Seguran\u00e7a em tempo real para ve\u00edculos e frotas","publisher":{"@id":"https:\/\/rastreair.com.br\/site\/#organization"},"potentialAction":[{"@type":"SearchAction","target":{"@type":"EntryPoint","urlTemplate":"https:\/\/rastreair.com.br\/site\/?s={search_term_string}"},"query-input":{"@type":"PropertyValueSpecification","valueRequired":true,"valueName":"search_term_string"}}],"inLanguage":"pt-BR"},{"@type":["Organization","Place"],"@id":"https:\/\/rastreair.com.br\/site\/#organization","name":"RastreAIR\u00ae Rastreamento Automotivo","url":"https:\/\/rastreair.com.br\/site\/","logo":{"@id":"https:\/\/rastreair.com.br\/site\/my-account\/#local-main-organization-logo"},"image":{"@id":"https:\/\/rastreair.com.br\/site\/my-account\/#local-main-organization-logo"},"sameAs":["https:\/\/www.instagram.com\/rastreair\/"],"telephone":[],"openingHoursSpecification":[{"@type":"OpeningHoursSpecification","dayOfWeek":["Monday","Tuesday","Wednesday","Thursday","Friday","Saturday","Sunday"],"opens":"09:00","closes":"17:00"}]},{"@type":"ImageObject","inLanguage":"pt-BR","@id":"https:\/\/rastreair.com.br\/site\/my-account\/#local-main-organization-logo","url":"https:\/\/rastreair.com.br\/site\/wp-content\/uploads\/2024\/07\/cropped-Icon-app.webp","contentUrl":"https:\/\/rastreair.com.br\/site\/wp-content\/uploads\/2024\/07\/cropped-Icon-app.webp","width":512,"height":512,"caption":"RastreAIR\u00ae Rastreamento Automotivo"}]}},"uagb_featured_image_src":{"full":false,"thumbnail":false,"medium":false,"medium_large":false,"large":false,"1536x1536":false,"2048x2048":false,"be_thumbnail":false,"be_clients":false,"slider-content":false,"portfolio-mf":false,"portfolio-mf-w":false,"portfolio-mf-t":false,"portfolio-list":false,"blog-portfolio":false,"blog-single":false,"mobile-srcset":false,"woocommerce_thumbnail":false,"woocommerce_single":false,"woocommerce_gallery_thumbnail":false},"uagb_author_info":{"display_name":"rastreair","author_link":"https:\/\/rastreair.com.br\/site\/author\/rastreair\/"},"uagb_comment_info":0,"uagb_excerpt":null,"_links":{"self":[{"href":"https:\/\/rastreair.com.br\/site\/wp-json\/wp\/v2\/pages\/2095"}],"collection":[{"href":"https:\/\/rastreair.com.br\/site\/wp-json\/wp\/v2\/pages"}],"about":[{"href":"https:\/\/rastreair.com.br\/site\/wp-json\/wp\/v2\/types\/page"}],"author":[{"embeddable":true,"href":"https:\/\/rastreair.com.br\/site\/wp-json\/wp\/v2\/users\/1"}],"replies":[{"embeddable":true,"href":"https:\/\/rastreair.com.br\/site\/wp-json\/wp\/v2\/comments?post=2095"}],"version-history":[{"count":1,"href":"https:\/\/rastreair.com.br\/site\/wp-json\/wp\/v2\/pages\/2095\/revisions"}],"predecessor-version":[{"id":2157,"href":"https:\/\/rastreair.com.br\/site\/wp-json\/wp\/v2\/pages\/2095\/revisions\/2157"}],"wp:attachment":[{"href":"https:\/\/rastreair.com.br\/site\/wp-json\/wp\/v2\/media?parent=2095"}],"curies":[{"name":"wp","href":"https:\/\/api.w.org\/{rel}","templated":true}]}}