{"id":2698,"date":"2024-11-12T17:33:08","date_gmt":"2024-11-12T20:33:08","guid":{"rendered":"https:\/\/rastreair.com.br\/site\/?post_type=product&#038;p=2698"},"modified":"2026-03-22T23:24:02","modified_gmt":"2026-03-23T02:24:02","slug":"rastreador-coleira-gps-4g-de-animais-gato-cachorro-cao-pet","status":"publish","type":"product","link":"https:\/\/rastreair.com.br\/site\/produto\/rastreador-coleira-gps-4g-de-animais-gato-cachorro-cao-pet\/","title":{"rendered":"Rastreador Coleira Gps 4g De Animais Gato Cachorro C\u00e3o Pet"},"content":{"rendered":"<h2>O que \u00e9 um Rastreador Coleira GPS 4G?<\/h2>\n<p>O rastreador coleira GPS 4G de animais, como gatos e cachorros, \u00e9 um dispositivo inovador projetado para garantir a seguran\u00e7a do seu pet. Equipado com tecnologia de rastreamento em tempo real, ele permite que os propriet\u00e1rios monitorem a localiza\u00e7\u00e3o de seus animais com facilidade.<\/p>\n<h2>Benef\u00edcios do Rastreador para seu Pet<\/h2>\n<p>Al\u00e9m de proporcionar tranquilidade, o rastreador ajuda na localiza\u00e7\u00e3o dos c\u00e3es e gatos em caso de fuga ou perda. A conex\u00e3o 4G garante que a comunica\u00e7\u00e3o seja r\u00e1pida e eficiente, permitindo rastreamento em \u00e1reas urbanas ou rurais.<\/p>\n<h2>Facilidade de Uso e Conforto<\/h2>\n<p>Com um design ergon\u00f4mico, a coleira \u00e9 confort\u00e1vel para os pets e f\u00e1cil de operar para os humanos. Basta baix\u00e1-lo no seu dispositivo m\u00f3vel e voc\u00ea estar\u00e1 sempre a um toque de dist\u00e2ncia de saber onde est\u00e1 seu amigo peludo.<\/p>\n","protected":false},"excerpt":{"rendered":"<div class=\"flex max-w-full flex-col flex-grow\">\n<div class=\"min-h-[20px] text-message flex w-full flex-col items-end gap-2 break-words [.text-message+&amp;]:mt-5 overflow-x-auto whitespace-normal\" dir=\"auto\" data-message-author-role=\"assistant\" data-message-id=\"eb26cd6e-a995-4e6d-acf3-a560ab3a2121\">\n<div class=\"flex w-full flex-col gap-1 empty:hidden first:pt-[3px]\">\n<div class=\"markdown prose w-full break-words dark:prose-invert dark\">\n<p>O rastreador coleira GPS 4G de animais, como gatos e cachorros, \u00e9 um dispositivo inovador projetado para garantir a seguran\u00e7a do seu pet. Equipado com tecnologia de rastreamento em tempo real, ele permite que os propriet\u00e1rios monitorem a localiza\u00e7\u00e3o de seus animais com facilidade.<\/p>\n<\/div>\n<\/div>\n<\/div>\n<\/div>\n","protected":false},"featured_media":2700,"comment_status":"open","ping_status":"closed","template":"","meta":{"_uag_custom_page_level_css":""},"product_cat":[47],"product_tag":[220,31,30,219,23,217,228,233,232,234,235,225,223,221,226,222,224,230,231,236,227,229,27],"class_list":{"0":"post-2698","1":"product","2":"type-product","3":"status-publish","4":"has-post-thumbnail","6":"product_cat-rastreamento","7":"product_tag-melhor-rastreador","8":"product_tag-monitoramento","9":"product_tag-plataforma","10":"product_tag-rastreado-mais-vendido","11":"product_tag-rastreador","12":"product_tag-rastreador-4g","13":"product_tag-rastreador-automotivo","14":"product_tag-rastreador-chip-algar","15":"product_tag-rastreador-chip-vivo","16":"product_tag-rastreador-com-chip-multi-operadoras","17":"product_tag-rastreador-com-plataforma-de-rastreamento","18":"product_tag-rastreador-de-barco","19":"product_tag-rastreador-de-caminhao","20":"product_tag-rastreador-de-carro","21":"product_tag-rastreador-de-jetski","22":"product_tag-rastreador-de-moto","23":"product_tag-rastreador-de-onibus","24":"product_tag-rastreador-e-bloqueador","25":"product_tag-rastreador-original","26":"product_tag-rastreador-por-aplicativo","27":"product_tag-rastreador-pra-frota","28":"product_tag-rastreador-veicular","29":"product_tag-rastreair","31":"first","32":"outofstock","33":"sold-individually","34":"shipping-taxable","35":"purchasable","36":"product-type-simple"},"yoast_head":"<!-- This site is optimized with the Yoast SEO Premium plugin v23.1 (Yoast SEO v23.8) - https:\/\/yoast.com\/wordpress\/plugins\/seo\/ -->\n<title>Rastreador Coleira Gps 4g De Animais Gato Cachorro C\u00e3o Pet<\/title>\n<meta name=\"description\" content=\"Rastreair Rastreador 4G+ Original Automotivo: Monitore em tempo real seu carro, moto ou caminh\u00e3o com precis\u00e3o e seguran\u00e7a.\" \/>\n<meta name=\"robots\" content=\"index, follow, max-snippet:-1, max-image-preview:large, max-video-preview:-1\" \/>\n<link rel=\"canonical\" href=\"https:\/\/rastreair.com.br\/site\/produto\/rastreador-coleira-gps-4g-de-animais-gato-cachorro-cao-pet\/\" \/>\n<meta property=\"og:locale\" content=\"pt_BR\" \/>\n<meta property=\"og:type\" content=\"article\" \/>\n<meta property=\"og:title\" content=\"Rastreador Coleira Gps 4g De Animais Gato Cachorro C\u00e3o Pet\" \/>\n<meta property=\"og:description\" content=\"Rastreair Rastreador 4G+ Original Automotivo: Monitore em tempo real seu carro, moto ou caminh\u00e3o com precis\u00e3o e seguran\u00e7a.\" \/>\n<meta property=\"og:url\" content=\"https:\/\/rastreair.com.br\/site\/produto\/rastreador-coleira-gps-4g-de-animais-gato-cachorro-cao-pet\/\" \/>\n<meta property=\"og:site_name\" content=\"RastreAIR\u00ae Rastreamento Automotivo\" \/>\n<meta property=\"article:publisher\" content=\"https:\/\/www.instagram.com\/rastreair\/\" \/>\n<meta property=\"article:modified_time\" content=\"2026-03-23T02:24:02+00:00\" \/>\n<meta property=\"og:image\" content=\"https:\/\/rastreair.com.br\/site\/wp-content\/uploads\/2024\/11\/Capa-rastreador-pet.png\" \/>\n\t<meta property=\"og:image:width\" content=\"1350\" \/>\n\t<meta property=\"og:image:height\" content=\"1350\" \/>\n\t<meta property=\"og:image:type\" content=\"image\/png\" \/>\n<meta name=\"twitter:card\" content=\"summary_large_image\" \/>\n<meta name=\"twitter:label1\" content=\"Pre\u00e7o\" \/>\n\t<meta name=\"twitter:data1\" content=\"&#082;&#036;&nbsp;179,00\" \/>\n\t<meta name=\"twitter:label2\" content=\"Disponibilidade\" \/>\n\t<meta name=\"twitter:data2\" content=\"Fora de estoque\" \/>\n<script type=\"application\/ld+json\" class=\"yoast-schema-graph\">{\"@context\":\"https:\/\/schema.org\",\"@graph\":[{\"@type\":[\"WebPage\",\"ItemPage\"],\"@id\":\"https:\/\/rastreair.com.br\/site\/produto\/rastreador-coleira-gps-4g-de-animais-gato-cachorro-cao-pet\/\",\"url\":\"https:\/\/rastreair.com.br\/site\/produto\/rastreador-coleira-gps-4g-de-animais-gato-cachorro-cao-pet\/\",\"name\":\"Rastreador Coleira Gps 4g De Animais Gato Cachorro C\u00e3o Pet\",\"isPartOf\":{\"@id\":\"https:\/\/rastreair.com.br\/site\/#website\"},\"primaryImageOfPage\":{\"@id\":\"https:\/\/rastreair.com.br\/site\/produto\/rastreador-coleira-gps-4g-de-animais-gato-cachorro-cao-pet\/#primaryimage\"},\"image\":{\"@id\":\"https:\/\/rastreair.com.br\/site\/produto\/rastreador-coleira-gps-4g-de-animais-gato-cachorro-cao-pet\/#primaryimage\"},\"thumbnailUrl\":\"https:\/\/rastreair.com.br\/site\/wp-content\/uploads\/2024\/11\/Capa-rastreador-pet.png\",\"datePublished\":\"2024-11-12T20:33:08+00:00\",\"dateModified\":\"2026-03-23T02:24:02+00:00\",\"description\":\"Rastreair Rastreador 4G+ Original Automotivo: Monitore em tempo real seu carro, moto ou caminh\u00e3o com precis\u00e3o e seguran\u00e7a.\",\"breadcrumb\":{\"@id\":\"https:\/\/rastreair.com.br\/site\/produto\/rastreador-coleira-gps-4g-de-animais-gato-cachorro-cao-pet\/#breadcrumb\"},\"inLanguage\":\"pt-BR\",\"potentialAction\":[{\"@type\":\"ReadAction\",\"target\":[\"https:\/\/rastreair.com.br\/site\/produto\/rastreador-coleira-gps-4g-de-animais-gato-cachorro-cao-pet\/\"]}]},{\"@type\":\"ImageObject\",\"inLanguage\":\"pt-BR\",\"@id\":\"https:\/\/rastreair.com.br\/site\/produto\/rastreador-coleira-gps-4g-de-animais-gato-cachorro-cao-pet\/#primaryimage\",\"url\":\"https:\/\/rastreair.com.br\/site\/wp-content\/uploads\/2024\/11\/Capa-rastreador-pet.png\",\"contentUrl\":\"https:\/\/rastreair.com.br\/site\/wp-content\/uploads\/2024\/11\/Capa-rastreador-pet.png\",\"width\":1350,\"height\":1350,\"caption\":\"Rastreador pet espiao 4G\"},{\"@type\":\"BreadcrumbList\",\"@id\":\"https:\/\/rastreair.com.br\/site\/produto\/rastreador-coleira-gps-4g-de-animais-gato-cachorro-cao-pet\/#breadcrumb\",\"itemListElement\":[{\"@type\":\"ListItem\",\"position\":1,\"name\":\"In\u00edcio\",\"item\":\"https:\/\/rastreair.com.br\/site\/\"},{\"@type\":\"ListItem\",\"position\":2,\"name\":\"Compre agora\",\"item\":\"https:\/\/rastreair.com.br\/site\/\"},{\"@type\":\"ListItem\",\"position\":3,\"name\":\"Rastreador Coleira Gps 4g De Animais Gato Cachorro C\u00e3o Pet\"}]},{\"@type\":\"WebSite\",\"@id\":\"https:\/\/rastreair.com.br\/site\/#website\",\"url\":\"https:\/\/rastreair.com.br\/site\/\",\"name\":\"RastreAIR\u00ae Rastreamento Automotivo\",\"description\":\"Seguran\u00e7a em tempo real para ve\u00edculos e frotas\",\"publisher\":{\"@id\":\"https:\/\/rastreair.com.br\/site\/#organization\"},\"potentialAction\":[{\"@type\":\"SearchAction\",\"target\":{\"@type\":\"EntryPoint\",\"urlTemplate\":\"https:\/\/rastreair.com.br\/site\/?s={search_term_string}\"},\"query-input\":{\"@type\":\"PropertyValueSpecification\",\"valueRequired\":true,\"valueName\":\"search_term_string\"}}],\"inLanguage\":\"pt-BR\"},{\"@type\":[\"Organization\",\"Place\"],\"@id\":\"https:\/\/rastreair.com.br\/site\/#organization\",\"name\":\"RastreAIR\u00ae Rastreamento Automotivo\",\"url\":\"https:\/\/rastreair.com.br\/site\/\",\"logo\":{\"@id\":\"https:\/\/rastreair.com.br\/site\/produto\/rastreador-coleira-gps-4g-de-animais-gato-cachorro-cao-pet\/#local-main-organization-logo\"},\"image\":{\"@id\":\"https:\/\/rastreair.com.br\/site\/produto\/rastreador-coleira-gps-4g-de-animais-gato-cachorro-cao-pet\/#local-main-organization-logo\"},\"sameAs\":[\"https:\/\/www.instagram.com\/rastreair\/\"],\"telephone\":[],\"openingHoursSpecification\":[{\"@type\":\"OpeningHoursSpecification\",\"dayOfWeek\":[\"Monday\",\"Tuesday\",\"Wednesday\",\"Thursday\",\"Friday\",\"Saturday\",\"Sunday\"],\"opens\":\"09:00\",\"closes\":\"17:00\"}]},{\"@type\":\"ImageObject\",\"inLanguage\":\"pt-BR\",\"@id\":\"https:\/\/rastreair.com.br\/site\/produto\/rastreador-coleira-gps-4g-de-animais-gato-cachorro-cao-pet\/#local-main-organization-logo\",\"url\":\"https:\/\/rastreair.com.br\/site\/wp-content\/uploads\/2024\/07\/cropped-Icon-app.webp\",\"contentUrl\":\"https:\/\/rastreair.com.br\/site\/wp-content\/uploads\/2024\/07\/cropped-Icon-app.webp\",\"width\":512,\"height\":512,\"caption\":\"RastreAIR\u00ae Rastreamento Automotivo\"}]}<\/script>\n<meta property=\"product:price:amount\" content=\"179.00\" \/>\n<meta property=\"product:price:currency\" content=\"BRL\" \/>\n<meta property=\"og:availability\" content=\"out of stock\" \/>\n<meta property=\"product:availability\" content=\"out of stock\" \/>\n<meta property=\"product:retailer_item_id\" content=\"RATREAIRPET\" \/>\n<meta property=\"product:condition\" content=\"new\" \/>\n<!-- \/ Yoast SEO Premium plugin. -->","yoast_head_json":{"title":"Rastreador Coleira Gps 4g De Animais Gato Cachorro C\u00e3o Pet","description":"Rastreair Rastreador 4G+ Original Automotivo: Monitore em tempo real seu carro, moto ou caminh\u00e3o com precis\u00e3o e seguran\u00e7a.","robots":{"index":"index","follow":"follow","max-snippet":"max-snippet:-1","max-image-preview":"max-image-preview:large","max-video-preview":"max-video-preview:-1"},"canonical":"https:\/\/rastreair.com.br\/site\/produto\/rastreador-coleira-gps-4g-de-animais-gato-cachorro-cao-pet\/","og_locale":"pt_BR","og_type":"article","og_title":"Rastreador Coleira Gps 4g De Animais Gato Cachorro C\u00e3o Pet","og_description":"Rastreair Rastreador 4G+ Original Automotivo: Monitore em tempo real seu carro, moto ou caminh\u00e3o com precis\u00e3o e seguran\u00e7a.","og_url":"https:\/\/rastreair.com.br\/site\/produto\/rastreador-coleira-gps-4g-de-animais-gato-cachorro-cao-pet\/","og_site_name":"RastreAIR\u00ae Rastreamento Automotivo","article_publisher":"https:\/\/www.instagram.com\/rastreair\/","article_modified_time":"2026-03-23T02:24:02+00:00","og_image":[{"width":1350,"height":1350,"url":"https:\/\/rastreair.com.br\/site\/wp-content\/uploads\/2024\/11\/Capa-rastreador-pet.png","type":"image\/png"}],"twitter_card":"summary_large_image","twitter_misc":{"Pre\u00e7o":"&#82;&#36;&nbsp;179,00","Disponibilidade":"Fora de estoque"},"schema":{"@context":"https:\/\/schema.org","@graph":[{"@type":["WebPage","ItemPage"],"@id":"https:\/\/rastreair.com.br\/site\/produto\/rastreador-coleira-gps-4g-de-animais-gato-cachorro-cao-pet\/","url":"https:\/\/rastreair.com.br\/site\/produto\/rastreador-coleira-gps-4g-de-animais-gato-cachorro-cao-pet\/","name":"Rastreador Coleira Gps 4g De Animais Gato Cachorro C\u00e3o Pet","isPartOf":{"@id":"https:\/\/rastreair.com.br\/site\/#website"},"primaryImageOfPage":{"@id":"https:\/\/rastreair.com.br\/site\/produto\/rastreador-coleira-gps-4g-de-animais-gato-cachorro-cao-pet\/#primaryimage"},"image":{"@id":"https:\/\/rastreair.com.br\/site\/produto\/rastreador-coleira-gps-4g-de-animais-gato-cachorro-cao-pet\/#primaryimage"},"thumbnailUrl":"https:\/\/rastreair.com.br\/site\/wp-content\/uploads\/2024\/11\/Capa-rastreador-pet.png","datePublished":"2024-11-12T20:33:08+00:00","dateModified":"2026-03-23T02:24:02+00:00","description":"Rastreair Rastreador 4G+ Original Automotivo: Monitore em tempo real seu carro, moto ou caminh\u00e3o com precis\u00e3o e seguran\u00e7a.","breadcrumb":{"@id":"https:\/\/rastreair.com.br\/site\/produto\/rastreador-coleira-gps-4g-de-animais-gato-cachorro-cao-pet\/#breadcrumb"},"inLanguage":"pt-BR","potentialAction":[{"@type":"ReadAction","target":["https:\/\/rastreair.com.br\/site\/produto\/rastreador-coleira-gps-4g-de-animais-gato-cachorro-cao-pet\/"]}]},{"@type":"ImageObject","inLanguage":"pt-BR","@id":"https:\/\/rastreair.com.br\/site\/produto\/rastreador-coleira-gps-4g-de-animais-gato-cachorro-cao-pet\/#primaryimage","url":"https:\/\/rastreair.com.br\/site\/wp-content\/uploads\/2024\/11\/Capa-rastreador-pet.png","contentUrl":"https:\/\/rastreair.com.br\/site\/wp-content\/uploads\/2024\/11\/Capa-rastreador-pet.png","width":1350,"height":1350,"caption":"Rastreador pet espiao 4G"},{"@type":"BreadcrumbList","@id":"https:\/\/rastreair.com.br\/site\/produto\/rastreador-coleira-gps-4g-de-animais-gato-cachorro-cao-pet\/#breadcrumb","itemListElement":[{"@type":"ListItem","position":1,"name":"In\u00edcio","item":"https:\/\/rastreair.com.br\/site\/"},{"@type":"ListItem","position":2,"name":"Compre agora","item":"https:\/\/rastreair.com.br\/site\/"},{"@type":"ListItem","position":3,"name":"Rastreador Coleira Gps 4g De Animais Gato Cachorro C\u00e3o Pet"}]},{"@type":"WebSite","@id":"https:\/\/rastreair.com.br\/site\/#website","url":"https:\/\/rastreair.com.br\/site\/","name":"RastreAIR\u00ae Rastreamento Automotivo","description":"Seguran\u00e7a em tempo real para ve\u00edculos e frotas","publisher":{"@id":"https:\/\/rastreair.com.br\/site\/#organization"},"potentialAction":[{"@type":"SearchAction","target":{"@type":"EntryPoint","urlTemplate":"https:\/\/rastreair.com.br\/site\/?s={search_term_string}"},"query-input":{"@type":"PropertyValueSpecification","valueRequired":true,"valueName":"search_term_string"}}],"inLanguage":"pt-BR"},{"@type":["Organization","Place"],"@id":"https:\/\/rastreair.com.br\/site\/#organization","name":"RastreAIR\u00ae Rastreamento Automotivo","url":"https:\/\/rastreair.com.br\/site\/","logo":{"@id":"https:\/\/rastreair.com.br\/site\/produto\/rastreador-coleira-gps-4g-de-animais-gato-cachorro-cao-pet\/#local-main-organization-logo"},"image":{"@id":"https:\/\/rastreair.com.br\/site\/produto\/rastreador-coleira-gps-4g-de-animais-gato-cachorro-cao-pet\/#local-main-organization-logo"},"sameAs":["https:\/\/www.instagram.com\/rastreair\/"],"telephone":[],"openingHoursSpecification":[{"@type":"OpeningHoursSpecification","dayOfWeek":["Monday","Tuesday","Wednesday","Thursday","Friday","Saturday","Sunday"],"opens":"09:00","closes":"17:00"}]},{"@type":"ImageObject","inLanguage":"pt-BR","@id":"https:\/\/rastreair.com.br\/site\/produto\/rastreador-coleira-gps-4g-de-animais-gato-cachorro-cao-pet\/#local-main-organization-logo","url":"https:\/\/rastreair.com.br\/site\/wp-content\/uploads\/2024\/07\/cropped-Icon-app.webp","contentUrl":"https:\/\/rastreair.com.br\/site\/wp-content\/uploads\/2024\/07\/cropped-Icon-app.webp","width":512,"height":512,"caption":"RastreAIR\u00ae Rastreamento Automotivo"}]},"product_price_amount":"179.00","product_price_currency":"BRL","og_availability":"out of stock","product_availability":"out of stock","product_retailer_item_id":"RATREAIRPET","product_condition":"new"},"uagb_featured_image_src":{"full":["https:\/\/rastreair.com.br\/site\/wp-content\/uploads\/2024\/11\/Capa-rastreador-pet.png",1350,1350,false],"thumbnail":["https:\/\/rastreair.com.br\/site\/wp-content\/uploads\/2024\/11\/Capa-rastreador-pet-300x300.png",300,300,true],"medium":["https:\/\/rastreair.com.br\/site\/wp-content\/uploads\/2024\/11\/Capa-rastreador-pet-500x500.png",500,500,true],"medium_large":["https:\/\/rastreair.com.br\/site\/wp-content\/uploads\/2024\/11\/Capa-rastreador-pet-768x768.png",768,768,true],"large":["https:\/\/rastreair.com.br\/site\/wp-content\/uploads\/2024\/11\/Capa-rastreador-pet-1200x1200.png",1200,1200,true],"1536x1536":["https:\/\/rastreair.com.br\/site\/wp-content\/uploads\/2024\/11\/Capa-rastreador-pet.png",1350,1350,false],"2048x2048":["https:\/\/rastreair.com.br\/site\/wp-content\/uploads\/2024\/11\/Capa-rastreador-pet.png",1350,1350,false],"be_thumbnail":["https:\/\/rastreair.com.br\/site\/wp-content\/uploads\/2024\/11\/Capa-rastreador-pet-150x150.png",150,150,true],"be_clients":["https:\/\/rastreair.com.br\/site\/wp-content\/uploads\/2024\/11\/Capa-rastreador-pet-75x75.png",75,75,true],"slider-content":["https:\/\/rastreair.com.br\/site\/wp-content\/uploads\/2024\/11\/Capa-rastreador-pet-1350x860.png",1350,860,true],"portfolio-mf":["https:\/\/rastreair.com.br\/site\/wp-content\/uploads\/2024\/11\/Capa-rastreador-pet-1280x1000.png",1280,1000,true],"portfolio-mf-w":["https:\/\/rastreair.com.br\/site\/wp-content\/uploads\/2024\/11\/Capa-rastreador-pet-1280x500.png",1280,500,true],"portfolio-mf-t":["https:\/\/rastreair.com.br\/site\/wp-content\/uploads\/2024\/11\/Capa-rastreador-pet-768x1200.png",768,1200,true],"portfolio-list":["https:\/\/rastreair.com.br\/site\/wp-content\/uploads\/2024\/11\/Capa-rastreador-pet-1350x750.png",1350,750,true],"blog-portfolio":["https:\/\/rastreair.com.br\/site\/wp-content\/uploads\/2024\/11\/Capa-rastreador-pet-960x750.png",960,750,true],"blog-single":["https:\/\/rastreair.com.br\/site\/wp-content\/uploads\/2024\/11\/Capa-rastreador-pet-1200x480.png",1200,480,true],"mobile-srcset":["https:\/\/rastreair.com.br\/site\/wp-content\/uploads\/2024\/11\/Capa-rastreador-pet-480x480.png",480,480,true],"woocommerce_thumbnail":["https:\/\/rastreair.com.br\/site\/wp-content\/uploads\/2024\/11\/Capa-rastreador-pet-800x800.png",800,800,true],"woocommerce_single":["https:\/\/rastreair.com.br\/site\/wp-content\/uploads\/2024\/11\/Capa-rastreador-pet-800x800.png",800,800,true],"woocommerce_gallery_thumbnail":["https:\/\/rastreair.com.br\/site\/wp-content\/uploads\/2024\/11\/Capa-rastreador-pet-300x300.png",300,300,true]},"uagb_author_info":{"display_name":"rastreair","author_link":"https:\/\/rastreair.com.br\/site\/author\/"},"uagb_comment_info":0,"uagb_excerpt":"O rastreador coleira GPS 4G de animais, como gatos e cachorros, \u00e9 um dispositivo inovador projetado para garantir a seguran\u00e7a do seu pet. Equipado com tecnologia de rastreamento em tempo real, ele permite que os propriet\u00e1rios monitorem a localiza\u00e7\u00e3o de seus animais com facilidade.","_links":{"self":[{"href":"https:\/\/rastreair.com.br\/site\/wp-json\/wp\/v2\/product\/2698"}],"collection":[{"href":"https:\/\/rastreair.com.br\/site\/wp-json\/wp\/v2\/product"}],"about":[{"href":"https:\/\/rastreair.com.br\/site\/wp-json\/wp\/v2\/types\/product"}],"replies":[{"embeddable":true,"href":"https:\/\/rastreair.com.br\/site\/wp-json\/wp\/v2\/comments?post=2698"}],"version-history":[{"count":3,"href":"https:\/\/rastreair.com.br\/site\/wp-json\/wp\/v2\/product\/2698\/revisions"}],"predecessor-version":[{"id":2858,"href":"https:\/\/rastreair.com.br\/site\/wp-json\/wp\/v2\/product\/2698\/revisions\/2858"}],"wp:featuredmedia":[{"embeddable":true,"href":"https:\/\/rastreair.com.br\/site\/wp-json\/wp\/v2\/media\/2700"}],"wp:attachment":[{"href":"https:\/\/rastreair.com.br\/site\/wp-json\/wp\/v2\/media?parent=2698"}],"wp:term":[{"taxonomy":"product_cat","embeddable":true,"href":"https:\/\/rastreair.com.br\/site\/wp-json\/wp\/v2\/product_cat?post=2698"},{"taxonomy":"product_tag","embeddable":true,"href":"https:\/\/rastreair.com.br\/site\/wp-json\/wp\/v2\/product_tag?post=2698"}],"curies":[{"name":"wp","href":"https:\/\/api.w.org\/{rel}","templated":true}]}}