{"id":4719,"date":"2026-01-07T11:57:40","date_gmt":"2026-01-07T14:57:40","guid":{"rendered":"https:\/\/rastreair.com.br\/site\/?post_type=product&#038;p=4719"},"modified":"2026-01-08T09:12:07","modified_gmt":"2026-01-08T12:12:07","slug":"jimi-camera-veicular-automotiva-full-hd-alta-qualidade","status":"publish","type":"product","link":"https:\/\/rastreair.com.br\/site\/produto\/jimi-camera-veicular-automotiva-full-hd-alta-qualidade\/","title":{"rendered":"JIMI Camera Veicular Automotiva Full HD Alta Qualidade"},"content":{"rendered":"<p>O sistema de c\u00e2mera \u00e9 um companheiro ideal para condu\u00e7\u00e3o di\u00e1ria e transporte de longa dist\u00e2ncia. Al\u00e9m da c\u00e2mera frontal que registra o que est\u00e1 acontecendo na estrada, est\u00e1 equipada com uma c\u00e2mera voltada para cabine que registra tudo dentro do carro tamb\u00e9m. Outros recursos da C\u00e2mera Veicular de Canal Duplo incluem rastreamento ao vivo, condu\u00e7\u00e3o imprudente, chamadas de emerg\u00eancia e muito mais, permitindo que ela seja utilizada para deter crimes, registrar motoristas ruins e resolver rapidamente disputas ou reivindica\u00e7\u00f5es falsas relacionadas a acidentes de tr\u00e2nsito.<\/p>\n","protected":false},"excerpt":{"rendered":"<p>O sistema de c\u00e2mera \u00e9 um companheiro ideal para condu\u00e7\u00e3o di\u00e1ria e transporte de longa dist\u00e2ncia. Al\u00e9m da c\u00e2mera frontal que registra o que est\u00e1 acontecendo<span class=\"excerpt-hellip\"> [\u2026]<\/span><\/p>\n","protected":false},"featured_media":4720,"comment_status":"open","ping_status":"closed","template":"","meta":{"_uag_custom_page_level_css":""},"product_cat":[20,243,246,244,247,245,242,47],"product_tag":[250,253,251,252,255],"class_list":{"0":"post-4719","1":"product","2":"type-product","3":"status-publish","4":"has-post-thumbnail","6":"product_cat-chip-m2m-de-telemetria","7":"product_cat-rastreador-automotivo","8":"product_cat-rastreador-caminhao","9":"product_cat-rastreador-carro","10":"product_cat-rastreador-frota","11":"product_cat-rastreador-moto","12":"product_cat-rastreador-veicular","13":"product_cat-rastreamento","14":"product_tag-camera-automotiva","15":"product_tag-camera-jimi","16":"product_tag-camera-rastreador","17":"product_tag-camera-veicular","18":"product_tag-jimi","20":"first","21":"instock","22":"sale","23":"shipping-taxable","24":"purchasable","25":"product-type-simple"},"yoast_head":"<!-- This site is optimized with the Yoast SEO Premium plugin v23.1 (Yoast SEO v23.8) - https:\/\/yoast.com\/wordpress\/plugins\/seo\/ -->\n<title>JIMI Camera Veicular Automotiva Full HD Alta Qualidade | RastreAIR\u00ae Rastreamento Automotivo<\/title>\n<meta name=\"robots\" content=\"index, follow, max-snippet:-1, max-image-preview:large, max-video-preview:-1\" \/>\n<link rel=\"canonical\" href=\"https:\/\/rastreair.com.br\/site\/produto\/jimi-camera-veicular-automotiva-full-hd-alta-qualidade\/\" \/>\n<meta property=\"og:locale\" content=\"pt_BR\" \/>\n<meta property=\"og:type\" content=\"article\" \/>\n<meta property=\"og:title\" content=\"JIMI Camera Veicular Automotiva Full HD Alta Qualidade\" \/>\n<meta property=\"og:description\" content=\"O sistema de c\u00e2mera \u00e9 um companheiro ideal para condu\u00e7\u00e3o di\u00e1ria e transporte de longa dist\u00e2ncia. Al\u00e9m da c\u00e2mera frontal que registra o que est\u00e1 acontecendo [\u2026]\" \/>\n<meta property=\"og:url\" content=\"https:\/\/rastreair.com.br\/site\/produto\/jimi-camera-veicular-automotiva-full-hd-alta-qualidade\/\" \/>\n<meta property=\"og:site_name\" content=\"RastreAIR\u00ae Rastreamento Automotivo\" \/>\n<meta property=\"article:publisher\" content=\"https:\/\/www.instagram.com\/rastreair\/\" \/>\n<meta property=\"article:modified_time\" content=\"2026-01-08T12:12:07+00:00\" \/>\n<meta property=\"og:image\" content=\"https:\/\/rastreair.com.br\/site\/wp-content\/uploads\/2026\/01\/jimiJC.png\" \/>\n\t<meta property=\"og:image:width\" content=\"1000\" \/>\n\t<meta property=\"og:image:height\" content=\"1000\" \/>\n\t<meta property=\"og:image:type\" content=\"image\/png\" \/>\n<meta name=\"twitter:card\" content=\"summary_large_image\" \/>\n<meta name=\"twitter:label1\" content=\"Pre\u00e7o\" \/>\n\t<meta name=\"twitter:data1\" content=\"&#082;&#036;&nbsp;1.200,00\" \/>\n\t<meta name=\"twitter:label2\" content=\"Disponibilidade\" \/>\n\t<meta name=\"twitter:data2\" content=\"Em Estoque\" \/>\n<script type=\"application\/ld+json\" class=\"yoast-schema-graph\">{\"@context\":\"https:\/\/schema.org\",\"@graph\":[{\"@type\":[\"WebPage\",\"ItemPage\"],\"@id\":\"https:\/\/rastreair.com.br\/site\/produto\/jimi-camera-veicular-automotiva-full-hd-alta-qualidade\/\",\"url\":\"https:\/\/rastreair.com.br\/site\/produto\/jimi-camera-veicular-automotiva-full-hd-alta-qualidade\/\",\"name\":\"JIMI Camera Veicular Automotiva Full HD Alta Qualidade | RastreAIR\u00ae Rastreamento Automotivo\",\"isPartOf\":{\"@id\":\"https:\/\/rastreair.com.br\/site\/#website\"},\"primaryImageOfPage\":{\"@id\":\"https:\/\/rastreair.com.br\/site\/produto\/jimi-camera-veicular-automotiva-full-hd-alta-qualidade\/#primaryimage\"},\"image\":{\"@id\":\"https:\/\/rastreair.com.br\/site\/produto\/jimi-camera-veicular-automotiva-full-hd-alta-qualidade\/#primaryimage\"},\"thumbnailUrl\":\"https:\/\/rastreair.com.br\/site\/wp-content\/uploads\/2026\/01\/jimiJC.png\",\"datePublished\":\"2026-01-07T14:57:40+00:00\",\"dateModified\":\"2026-01-08T12:12:07+00:00\",\"breadcrumb\":{\"@id\":\"https:\/\/rastreair.com.br\/site\/produto\/jimi-camera-veicular-automotiva-full-hd-alta-qualidade\/#breadcrumb\"},\"inLanguage\":\"pt-BR\",\"potentialAction\":[{\"@type\":\"ReadAction\",\"target\":[\"https:\/\/rastreair.com.br\/site\/produto\/jimi-camera-veicular-automotiva-full-hd-alta-qualidade\/\"]}]},{\"@type\":\"ImageObject\",\"inLanguage\":\"pt-BR\",\"@id\":\"https:\/\/rastreair.com.br\/site\/produto\/jimi-camera-veicular-automotiva-full-hd-alta-qualidade\/#primaryimage\",\"url\":\"https:\/\/rastreair.com.br\/site\/wp-content\/uploads\/2026\/01\/jimiJC.png\",\"contentUrl\":\"https:\/\/rastreair.com.br\/site\/wp-content\/uploads\/2026\/01\/jimiJC.png\",\"width\":1000,\"height\":1000},{\"@type\":\"BreadcrumbList\",\"@id\":\"https:\/\/rastreair.com.br\/site\/produto\/jimi-camera-veicular-automotiva-full-hd-alta-qualidade\/#breadcrumb\",\"itemListElement\":[{\"@type\":\"ListItem\",\"position\":1,\"name\":\"In\u00edcio\",\"item\":\"https:\/\/rastreair.com.br\/site\/\"},{\"@type\":\"ListItem\",\"position\":2,\"name\":\"Compre agora\",\"item\":\"https:\/\/rastreair.com.br\/site\/\"},{\"@type\":\"ListItem\",\"position\":3,\"name\":\"JIMI Camera Veicular Automotiva Full HD Alta Qualidade\"}]},{\"@type\":\"WebSite\",\"@id\":\"https:\/\/rastreair.com.br\/site\/#website\",\"url\":\"https:\/\/rastreair.com.br\/site\/\",\"name\":\"RastreAIR\u00ae Rastreamento Automotivo\",\"description\":\"Seguran\u00e7a em tempo real para ve\u00edculos e frotas\",\"publisher\":{\"@id\":\"https:\/\/rastreair.com.br\/site\/#organization\"},\"potentialAction\":[{\"@type\":\"SearchAction\",\"target\":{\"@type\":\"EntryPoint\",\"urlTemplate\":\"https:\/\/rastreair.com.br\/site\/?s={search_term_string}\"},\"query-input\":{\"@type\":\"PropertyValueSpecification\",\"valueRequired\":true,\"valueName\":\"search_term_string\"}}],\"inLanguage\":\"pt-BR\"},{\"@type\":[\"Organization\",\"Place\"],\"@id\":\"https:\/\/rastreair.com.br\/site\/#organization\",\"name\":\"RastreAIR\u00ae Rastreamento Automotivo\",\"url\":\"https:\/\/rastreair.com.br\/site\/\",\"logo\":{\"@id\":\"https:\/\/rastreair.com.br\/site\/produto\/jimi-camera-veicular-automotiva-full-hd-alta-qualidade\/#local-main-organization-logo\"},\"image\":{\"@id\":\"https:\/\/rastreair.com.br\/site\/produto\/jimi-camera-veicular-automotiva-full-hd-alta-qualidade\/#local-main-organization-logo\"},\"sameAs\":[\"https:\/\/www.instagram.com\/rastreair\/\"],\"telephone\":[],\"openingHoursSpecification\":[{\"@type\":\"OpeningHoursSpecification\",\"dayOfWeek\":[\"Monday\",\"Tuesday\",\"Wednesday\",\"Thursday\",\"Friday\",\"Saturday\",\"Sunday\"],\"opens\":\"09:00\",\"closes\":\"17:00\"}]},{\"@type\":\"ImageObject\",\"inLanguage\":\"pt-BR\",\"@id\":\"https:\/\/rastreair.com.br\/site\/produto\/jimi-camera-veicular-automotiva-full-hd-alta-qualidade\/#local-main-organization-logo\",\"url\":\"https:\/\/rastreair.com.br\/site\/wp-content\/uploads\/2024\/07\/cropped-Icon-app.webp\",\"contentUrl\":\"https:\/\/rastreair.com.br\/site\/wp-content\/uploads\/2024\/07\/cropped-Icon-app.webp\",\"width\":512,\"height\":512,\"caption\":\"RastreAIR\u00ae Rastreamento Automotivo\"}]}<\/script>\n<meta property=\"product:price:amount\" content=\"1200.00\" \/>\n<meta property=\"product:price:currency\" content=\"BRL\" \/>\n<meta property=\"og:availability\" content=\"instock\" \/>\n<meta property=\"product:availability\" content=\"instock\" \/>\n<meta property=\"product:condition\" content=\"new\" \/>\n<!-- \/ Yoast SEO Premium plugin. -->","yoast_head_json":{"title":"JIMI Camera Veicular Automotiva Full HD Alta Qualidade | RastreAIR\u00ae Rastreamento Automotivo","robots":{"index":"index","follow":"follow","max-snippet":"max-snippet:-1","max-image-preview":"max-image-preview:large","max-video-preview":"max-video-preview:-1"},"canonical":"https:\/\/rastreair.com.br\/site\/produto\/jimi-camera-veicular-automotiva-full-hd-alta-qualidade\/","og_locale":"pt_BR","og_type":"article","og_title":"JIMI Camera Veicular Automotiva Full HD Alta Qualidade","og_description":"O sistema de c\u00e2mera \u00e9 um companheiro ideal para condu\u00e7\u00e3o di\u00e1ria e transporte de longa dist\u00e2ncia. Al\u00e9m da c\u00e2mera frontal que registra o que est\u00e1 acontecendo [\u2026]","og_url":"https:\/\/rastreair.com.br\/site\/produto\/jimi-camera-veicular-automotiva-full-hd-alta-qualidade\/","og_site_name":"RastreAIR\u00ae Rastreamento Automotivo","article_publisher":"https:\/\/www.instagram.com\/rastreair\/","article_modified_time":"2026-01-08T12:12:07+00:00","og_image":[{"width":1000,"height":1000,"url":"https:\/\/rastreair.com.br\/site\/wp-content\/uploads\/2026\/01\/jimiJC.png","type":"image\/png"}],"twitter_card":"summary_large_image","twitter_misc":{"Pre\u00e7o":"&#82;&#36;&nbsp;1.200,00","Disponibilidade":"Em Estoque"},"schema":{"@context":"https:\/\/schema.org","@graph":[{"@type":["WebPage","ItemPage"],"@id":"https:\/\/rastreair.com.br\/site\/produto\/jimi-camera-veicular-automotiva-full-hd-alta-qualidade\/","url":"https:\/\/rastreair.com.br\/site\/produto\/jimi-camera-veicular-automotiva-full-hd-alta-qualidade\/","name":"JIMI Camera Veicular Automotiva Full HD Alta Qualidade | RastreAIR\u00ae Rastreamento Automotivo","isPartOf":{"@id":"https:\/\/rastreair.com.br\/site\/#website"},"primaryImageOfPage":{"@id":"https:\/\/rastreair.com.br\/site\/produto\/jimi-camera-veicular-automotiva-full-hd-alta-qualidade\/#primaryimage"},"image":{"@id":"https:\/\/rastreair.com.br\/site\/produto\/jimi-camera-veicular-automotiva-full-hd-alta-qualidade\/#primaryimage"},"thumbnailUrl":"https:\/\/rastreair.com.br\/site\/wp-content\/uploads\/2026\/01\/jimiJC.png","datePublished":"2026-01-07T14:57:40+00:00","dateModified":"2026-01-08T12:12:07+00:00","breadcrumb":{"@id":"https:\/\/rastreair.com.br\/site\/produto\/jimi-camera-veicular-automotiva-full-hd-alta-qualidade\/#breadcrumb"},"inLanguage":"pt-BR","potentialAction":[{"@type":"ReadAction","target":["https:\/\/rastreair.com.br\/site\/produto\/jimi-camera-veicular-automotiva-full-hd-alta-qualidade\/"]}]},{"@type":"ImageObject","inLanguage":"pt-BR","@id":"https:\/\/rastreair.com.br\/site\/produto\/jimi-camera-veicular-automotiva-full-hd-alta-qualidade\/#primaryimage","url":"https:\/\/rastreair.com.br\/site\/wp-content\/uploads\/2026\/01\/jimiJC.png","contentUrl":"https:\/\/rastreair.com.br\/site\/wp-content\/uploads\/2026\/01\/jimiJC.png","width":1000,"height":1000},{"@type":"BreadcrumbList","@id":"https:\/\/rastreair.com.br\/site\/produto\/jimi-camera-veicular-automotiva-full-hd-alta-qualidade\/#breadcrumb","itemListElement":[{"@type":"ListItem","position":1,"name":"In\u00edcio","item":"https:\/\/rastreair.com.br\/site\/"},{"@type":"ListItem","position":2,"name":"Compre agora","item":"https:\/\/rastreair.com.br\/site\/"},{"@type":"ListItem","position":3,"name":"JIMI Camera Veicular Automotiva Full HD Alta Qualidade"}]},{"@type":"WebSite","@id":"https:\/\/rastreair.com.br\/site\/#website","url":"https:\/\/rastreair.com.br\/site\/","name":"RastreAIR\u00ae Rastreamento Automotivo","description":"Seguran\u00e7a em tempo real para ve\u00edculos e frotas","publisher":{"@id":"https:\/\/rastreair.com.br\/site\/#organization"},"potentialAction":[{"@type":"SearchAction","target":{"@type":"EntryPoint","urlTemplate":"https:\/\/rastreair.com.br\/site\/?s={search_term_string}"},"query-input":{"@type":"PropertyValueSpecification","valueRequired":true,"valueName":"search_term_string"}}],"inLanguage":"pt-BR"},{"@type":["Organization","Place"],"@id":"https:\/\/rastreair.com.br\/site\/#organization","name":"RastreAIR\u00ae Rastreamento Automotivo","url":"https:\/\/rastreair.com.br\/site\/","logo":{"@id":"https:\/\/rastreair.com.br\/site\/produto\/jimi-camera-veicular-automotiva-full-hd-alta-qualidade\/#local-main-organization-logo"},"image":{"@id":"https:\/\/rastreair.com.br\/site\/produto\/jimi-camera-veicular-automotiva-full-hd-alta-qualidade\/#local-main-organization-logo"},"sameAs":["https:\/\/www.instagram.com\/rastreair\/"],"telephone":[],"openingHoursSpecification":[{"@type":"OpeningHoursSpecification","dayOfWeek":["Monday","Tuesday","Wednesday","Thursday","Friday","Saturday","Sunday"],"opens":"09:00","closes":"17:00"}]},{"@type":"ImageObject","inLanguage":"pt-BR","@id":"https:\/\/rastreair.com.br\/site\/produto\/jimi-camera-veicular-automotiva-full-hd-alta-qualidade\/#local-main-organization-logo","url":"https:\/\/rastreair.com.br\/site\/wp-content\/uploads\/2024\/07\/cropped-Icon-app.webp","contentUrl":"https:\/\/rastreair.com.br\/site\/wp-content\/uploads\/2024\/07\/cropped-Icon-app.webp","width":512,"height":512,"caption":"RastreAIR\u00ae Rastreamento Automotivo"}]},"product_price_amount":"1200.00","product_price_currency":"BRL","og_availability":"instock","product_availability":"instock","product_condition":"new"},"uagb_featured_image_src":{"full":["https:\/\/rastreair.com.br\/site\/wp-content\/uploads\/2026\/01\/jimiJC.png",1000,1000,false],"thumbnail":["https:\/\/rastreair.com.br\/site\/wp-content\/uploads\/2026\/01\/jimiJC-300x300.png",300,300,true],"medium":["https:\/\/rastreair.com.br\/site\/wp-content\/uploads\/2026\/01\/jimiJC-500x500.png",500,500,true],"medium_large":["https:\/\/rastreair.com.br\/site\/wp-content\/uploads\/2026\/01\/jimiJC-768x768.png",768,768,true],"large":["https:\/\/rastreair.com.br\/site\/wp-content\/uploads\/2026\/01\/jimiJC.png",1000,1000,false],"1536x1536":["https:\/\/rastreair.com.br\/site\/wp-content\/uploads\/2026\/01\/jimiJC.png",1000,1000,false],"2048x2048":["https:\/\/rastreair.com.br\/site\/wp-content\/uploads\/2026\/01\/jimiJC.png",1000,1000,false],"be_thumbnail":["https:\/\/rastreair.com.br\/site\/wp-content\/uploads\/2026\/01\/jimiJC-150x150.png",150,150,true],"be_clients":["https:\/\/rastreair.com.br\/site\/wp-content\/uploads\/2026\/01\/jimiJC-75x75.png",75,75,true],"slider-content":["https:\/\/rastreair.com.br\/site\/wp-content\/uploads\/2026\/01\/jimiJC-1000x860.png",1000,860,true],"portfolio-mf":["https:\/\/rastreair.com.br\/site\/wp-content\/uploads\/2026\/01\/jimiJC.png",1000,1000,false],"portfolio-mf-w":["https:\/\/rastreair.com.br\/site\/wp-content\/uploads\/2026\/01\/jimiJC-1000x500.png",1000,500,true],"portfolio-mf-t":["https:\/\/rastreair.com.br\/site\/wp-content\/uploads\/2026\/01\/jimiJC-768x1000.png",768,1000,true],"portfolio-list":["https:\/\/rastreair.com.br\/site\/wp-content\/uploads\/2026\/01\/jimiJC-1000x750.png",1000,750,true],"blog-portfolio":["https:\/\/rastreair.com.br\/site\/wp-content\/uploads\/2026\/01\/jimiJC-960x750.png",960,750,true],"blog-single":["https:\/\/rastreair.com.br\/site\/wp-content\/uploads\/2026\/01\/jimiJC-1000x480.png",1000,480,true],"mobile-srcset":["https:\/\/rastreair.com.br\/site\/wp-content\/uploads\/2026\/01\/jimiJC-480x480.png",480,480,true],"woocommerce_thumbnail":["https:\/\/rastreair.com.br\/site\/wp-content\/uploads\/2026\/01\/jimiJC-800x800.png",800,800,true],"woocommerce_single":["https:\/\/rastreair.com.br\/site\/wp-content\/uploads\/2026\/01\/jimiJC-800x800.png",800,800,true],"woocommerce_gallery_thumbnail":["https:\/\/rastreair.com.br\/site\/wp-content\/uploads\/2026\/01\/jimiJC-300x300.png",300,300,true]},"uagb_author_info":{"display_name":"rastreair","author_link":"https:\/\/rastreair.com.br\/site\/author\/"},"uagb_comment_info":0,"uagb_excerpt":"O sistema de c\u00e2mera \u00e9 um companheiro ideal para condu\u00e7\u00e3o di\u00e1ria e transporte de longa dist\u00e2ncia. Al\u00e9m da c\u00e2mera frontal que registra o que est\u00e1 acontecendo [\u2026]","_links":{"self":[{"href":"https:\/\/rastreair.com.br\/site\/wp-json\/wp\/v2\/product\/4719"}],"collection":[{"href":"https:\/\/rastreair.com.br\/site\/wp-json\/wp\/v2\/product"}],"about":[{"href":"https:\/\/rastreair.com.br\/site\/wp-json\/wp\/v2\/types\/product"}],"replies":[{"embeddable":true,"href":"https:\/\/rastreair.com.br\/site\/wp-json\/wp\/v2\/comments?post=4719"}],"version-history":[{"count":3,"href":"https:\/\/rastreair.com.br\/site\/wp-json\/wp\/v2\/product\/4719\/revisions"}],"predecessor-version":[{"id":4730,"href":"https:\/\/rastreair.com.br\/site\/wp-json\/wp\/v2\/product\/4719\/revisions\/4730"}],"wp:featuredmedia":[{"embeddable":true,"href":"https:\/\/rastreair.com.br\/site\/wp-json\/wp\/v2\/media\/4720"}],"wp:attachment":[{"href":"https:\/\/rastreair.com.br\/site\/wp-json\/wp\/v2\/media?parent=4719"}],"wp:term":[{"taxonomy":"product_cat","embeddable":true,"href":"https:\/\/rastreair.com.br\/site\/wp-json\/wp\/v2\/product_cat?post=4719"},{"taxonomy":"product_tag","embeddable":true,"href":"https:\/\/rastreair.com.br\/site\/wp-json\/wp\/v2\/product_tag?post=4719"}],"curies":[{"name":"wp","href":"https:\/\/api.w.org\/{rel}","templated":true}]}}